{"id":44,"date":"2019-05-18T14:23:44","date_gmt":"2019-05-18T11:23:44","guid":{"rendered":"http:\/\/www.cocukurolojisi.hacettepe.edu.tr\/?page_id=44"},"modified":"2020-02-02T22:22:57","modified_gmt":"2020-02-02T19:22:57","slug":"tarihce","status":"publish","type":"page","link":"https:\/\/cocukurolojisi.hacettepe.edu.tr\/en\/tarihce\/","title":{"rendered":"History"},"content":{"rendered":"<p><\/p>\n<p style=\"text-align: justify;\">Our department has succeeded in proving it\u2019s merit in Pediatrics Urology field, following the practice of it\u2019s founder Do\u011fan Remzi MD, Prof. since 1960\u2019s. Surgical procedures operated by him and his team on anti-reflux, bladder neck operations and Wilms Tumor cases, have been initial in our country history. He has also been the first Turkish person to be cited in Campbell\u2019s Urology, a fundamental source for Urology, with an article on bladder stones in pediatric patients. Due to his prioritization in specialization, Specialty Education in Urooncology (1996), Pediatrics Urology (1999) and Endourology (2002) fields have been initialized in their respective years.<\/p>\n<p style=\"text-align: justify;\">This process had been further accelerated following Serdar Tekg\u00fcl MD\u2019s completion of his Pediatrics Urology studies with Micheal Mitchell MD in Washington (Seattle) in 1995, and his return to form up Hacettepe University Pediatrics Urology Department as a full time academician.<\/p>\n<p style=\"text-align: justify;\">Pediatrics Urology education was launched with Cem Akbal MD\u2019s acceptance in 2000 as first subbranch physician, followed by Berk Burgu MD, Hasan Serkan Do\u011fan MD, Fatih \u00c7anakl\u0131 MD, Onur Kayg\u0131s\u0131z MD, Artan Koni MD, Ali Cansu Bozac\u0131 MD; whom have all completed their education process, providing important pediatric urology practice in our country. Currently, Taner Ceylan MD is undergoing training in our facility as a subbranch physician.<\/p>\n<p style=\"text-align: justify;\">Our clinic, being first in Turkey (in first 5 in Europe), has been accrediated by European Society for Paediatric Urology as a valid educational institute in 2008. It has been re-accredited in this field in years 2013 and 2018. Acknowledgement by European Board of Urology in the field of Pediatric Urology has been stated in 2019 as an EBU Host Center.<\/p>\n<p style=\"text-align: justify;\">During this period, urologists applying to our institute, domestic or abroad, have received their education within 6-9 months of rotations, enhancing their theoretical and practical appliances in pediatrics urology.<\/p>\n<p><\/p>","protected":false},"excerpt":{"rendered":"<p>Our department has succeeded in proving it\u2019s merit in Pediatrics Urology field, following the practice of it\u2019s founder Do\u011fan Remzi<\/p>\n","protected":false},"author":1,"featured_media":0,"parent":0,"menu_order":0,"comment_status":"closed","ping_status":"closed","template":"","meta":{"footnotes":""},"_links":{"self":[{"href":"https:\/\/cocukurolojisi.hacettepe.edu.tr\/en\/wp-json\/wp\/v2\/pages\/44"}],"collection":[{"href":"https:\/\/cocukurolojisi.hacettepe.edu.tr\/en\/wp-json\/wp\/v2\/pages"}],"about":[{"href":"https:\/\/cocukurolojisi.hacettepe.edu.tr\/en\/wp-json\/wp\/v2\/types\/page"}],"author":[{"embeddable":true,"href":"https:\/\/cocukurolojisi.hacettepe.edu.tr\/en\/wp-json\/wp\/v2\/users\/1"}],"replies":[{"embeddable":true,"href":"https:\/\/cocukurolojisi.hacettepe.edu.tr\/en\/wp-json\/wp\/v2\/comments?post=44"}],"version-history":[{"count":1,"href":"https:\/\/cocukurolojisi.hacettepe.edu.tr\/en\/wp-json\/wp\/v2\/pages\/44\/revisions"}],"predecessor-version":[{"id":726,"href":"https:\/\/cocukurolojisi.hacettepe.edu.tr\/en\/wp-json\/wp\/v2\/pages\/44\/revisions\/726"}],"wp:attachment":[{"href":"https:\/\/cocukurolojisi.hacettepe.edu.tr\/en\/wp-json\/wp\/v2\/media?parent=44"}],"curies":[{"name":"wp","href":"https:\/\/api.w.org\/{rel}","templated":true}]}}